{"id":9,"date":"2016-12-14T08:39:03","date_gmt":"2016-12-14T08:39:03","guid":{"rendered":"http:\/\/gudi.vn\/?page_id=9"},"modified":"2022-07-01T14:04:50","modified_gmt":"2022-07-01T07:04:50","slug":"about","status":"publish","type":"page","link":"https:\/\/gudi.vn\/vi\/about\/","title":{"rendered":"Gi\u1edbi thi\u1ec7u"},"content":{"rendered":"<p>Co\u0302ng ty TNHH GUDi la\u0300 nha\u0300 cung c\u00e2\u0301p ma\u0301y mo\u0301c, thi\u00ea\u0301t bi\u0323, nguye\u0302n v\u1ea1\u0302t li\u1eb9\u0302u cho ca\u0301c nga\u0300nh co\u0302ng nghi\u1eb9\u0302p in \u00e2\u0301n &amp; bao bi\u0300, graphics va\u0300 ba\u0306ng keo.<\/p>\n<p>Chu\u0301ng to\u0302i la\u0300 nha\u0300 pha\u0302n ph\u00f4\u0301i u\u0309y quy\u00ea\u0300n cu\u0309a nhi\u00ea\u0300u thu\u031bo\u031bng hi\u1eb9\u0302u l\u01a1\u0301n va\u0300 tie\u0302u chu\u00e2\u0309n cao \u0111\u00ea\u0301n t\u01b0\u0300 \u0110\u01b0\u0301c, H\u00e0 Lan, Pha\u0301p, Y\u0301, Thu\u0323y Sy\u0303, \u0110a\u0300i Loan. Kha\u0301ch ha\u0300ng cu\u0309a GUDi la\u0300 ca\u0301c co\u0302ng ty \u0111a qu\u00f4\u0301c gia va\u0300 ca\u0301c co\u0302ng ty l\u01a1\u0301n trong nu\u031b\u01a1\u0301c.<\/p>\n<p>GUDi la\u0300 m\u1ecd\u0302t co\u0302ng ty tre\u0309 va\u0300 tinh go\u0323n, nhi\u1eb9\u0302t huy\u00ea\u0301t va\u0300 sa\u0301ng ta\u0323o. Chu\u0301ng to\u0302i luo\u0302n n\u00f4\u0303 l\u01b0\u0323c va\u0300 cam k\u00ea\u0301t mang t\u01a1\u0301i cho ca\u0301c kha\u0301ch ha\u0300ng ta\u0323i Vi\u1eb9\u0302t Nam ca\u0301c gia\u0309i pha\u0301p ch\u00e2\u0301t lu\u031b\u01a1\u0323ng cao va\u0300 hi\u1eb9\u0302u qua\u0309 gi\u00fap kh\u00e1ch h\u00e0ng c\u00f3 \u0111\u01b0\u1ee3c nh\u1eefng \u01b0u th\u1ebf trong s\u1ea3n xu\u1ea5t kinh doanh.<\/p>\n<h4>IN \u1ea4N &amp; BAO B\u00cc C\u00d4NG NGHI\u1ec6P:<\/h4>\n<p><strong>V\u1eadt t\u01b0 ti\u00eau hao:<\/strong><\/p>\n<ul style=\"list-style-type: disc;\">\n<li>B\u0103ng keo d\u00e1n b\u1ea3n, d\u00e1n m\u00e9p b\u1ea3n in, B\u0103ng keo n\u1ed1i cu\u1ed9n gi\u1ea5y &amp; cu\u1ed9n m\u00e0ng<\/li>\n<li>Cold Foil, Hot Foil, hologram foil, hologram film and paper<\/li>\n<li>Gi\u1ea5y silicone, glassine, wax, gi\u1ea5y ch\u1ed1ng d\u1ea7u, gi\u1ea5y g\u00f3i<\/li>\n<li>M\u00e0ng nhi\u1ec7t ch\u1ed1ng tr\u1ea7y, m\u00e0ng nhung<\/li>\n<li>Dao g\u1ea1t m\u1ef1c in l\u1ee5a<\/li>\n<li>M\u1ef1c\u00a0&amp; V\u1eb9c-ni Flexo g\u1ed1c UV, g\u1ed1c n\u01b0\u1edbc cho in tem nh\u00e3n &amp; bao b\u00ec (bao b\u00ec th\u1ef1c ph\u1ea9m &amp; d\u01b0\u1ee3c ph\u1ea9m). M\u1ef1c \u0111\u1eb7c bi\u1ec7t: m\u1ef1c ph\u1ee7 c\u00e0o, m\u1ef1c chuy\u1ec3n m\u00e0u do \u00e1nh s\u00e1ng, nhi\u1ec7t \u0111\u1ed9<\/li>\n<li>Keo\u00a0gh\u00e9p m\u00e0ng, gh\u00e9p nh\u0169 UV Flexo<\/li>\n<\/ul>\n<p><strong>M\u00e1y m\u00f3c thi\u1ebft b\u1ecb:<\/strong><\/p>\n<ul style=\"list-style-type: disc;\">\n<li>\u1ed0ng in Sleeve, \u1ed1ng Bridge\/Adapter cho m\u00e1y in Flexo<\/li>\n<li>M\u00e1y d\u00e1n b\u1ea3n in<\/li>\n<li>M\u00e1y sang c\u1eaft rewinder Slitter<\/li>\n<li>M\u00e1y chiller l\u00e0m m\u00e1t cho m\u00e1y in<\/li>\n<li>Tr\u1ee5c Anilox<\/li>\n<li>M\u00e1y v\u1ec7 sinh tr\u1ee5c anilox, r\u1eeda b\u1ea3n, b\u00e0n ch\u1ea3i &amp; dung d\u1ecbch r\u1eeda l\u00f4 anilox<\/li>\n<li>M\u00e1y d\u00e1n b\u1ea3n in<\/li>\n<li>M\u00e1y thu h\u1ed3i dung m\u00f4i<\/li>\n<li>M\u00e1y gia c\u00f4ng sau in (m\u00e1y b\u00f3, m\u00e1y \u0111\u1ebfm, m\u00e1y khoan gi\u1ea5y, m\u0169i khoan gi\u1ea5y&#8230;)<\/li>\n<\/ul>\n<h4>B\u0102NG KEO C\u00d4NG NGHI\u1ec6P:<\/h4>\n<ul>\n<li>B\u0103ng keo\u00a0ch\u1ed1ng th\u1ea5m, b\u0103ng keo x\u1ed1p 1 m\u1eb7t, 2 m\u1eb7t<\/li>\n<li>B\u0103ng keo c\u00f4ng nghi\u1ec7p 1 m\u1eb7t, 2 m\u1eb7t<\/li>\n<li>B\u0103ng keo g\u00e2n\/s\u1ee3i th\u1ee7y tinh (1 s\u1ecdc &amp; 2 s\u1ecdc)<\/li>\n<li>B\u0103ng keo v\u1ea3i &amp; v\u1ea3i th\u1ee7y tinh<\/li>\n<li>B\u0103ng keo ph\u1ea3n quang<\/li>\n<li>B\u0103ng keo d\u00e1n th\u1ea3m<\/li>\n<li>B\u0103ng keo che ph\u1ee7<\/li>\n<li>B\u0103ng keo b\u1ea3o v\u1ec7 b\u1ec1 m\u1eb7t<\/li>\n<li>B\u0103ng keo c\u1eaft gia c\u00f4ng theo thi\u1ebft k\u1ebf c\u1ee7a kh\u00e1ch h\u00e0ng<\/li>\n<\/ul>\n<h4>PHIM DECAL &amp; PH\u1ea2N QUANG:<\/h4>\n<ul>\n<li>Phim decal \u0111\u1ed5i m\u00e0u xe h\u01a1i<\/li>\n<li>Phim decal trang tr\u00ed<\/li>\n<li>Phim b\u1ea3o v\u1ec7 s\u01a1n PPF<\/li>\n<li>Phim decal in &amp; phim c\u00e1n (in c\u00f4ng nghi\u1ec7p, in th\u01b0\u01a1ng m\u1ea1i)<\/li>\n<li>Phim c\u00e1ch nhi\u1ec7t xe h\u01a1i v\u00e0 phim c\u00e1ch nhi\u1ec7t nh\u00e0 k\u00ednh<\/li>\n<li>Phim decal ph\u1ea3n quang cho bi\u1ec3n b\u00e1o, ph\u01b0\u01a1ng ti\u1ec7n, an to\u00e0n<\/li>\n<\/ul>\n<div>H\u00e3y li\u00ean h\u1ec7 v\u1edbi ch\u00fang t\u00f4i \u0111\u1ec3 nh\u1eadn t\u01b0 v\u1ea5n nhanh v\u1ec1 s\u1ea3n ph\u1ea9m ph\u00f9 h\u1ee3p v\u00e0 b\u00e1o gi\u00e1:<\/div>\n<ul>\n<li>\u0110\u1ecba ch\u1ec9: <a href=\"https:\/\/goo.gl\/maps\/PV7Y2r7KBefH7NqW7\">42 \u0110\u01b0\u1eddng s\u1ed1 2 &#8211; C\u01b0 x\u00e1 \u0110i\u1ec7n l\u1ef1c, P. Tr\u01b0\u1eddng Th\u1ecd, TP. Th\u1ee7 \u0110\u1ee9c, TP. HCM,\u00a0Vi\u1ec7t Nam<\/a><\/li>\n<li>Email: <a href=\"mailto:hiep.nguyen@gudi.vn\">hiep.nguyen@gudi.vn<\/a><\/li>\n<li>Tel: 0286 286 8801<\/li>\n<li>Hotline: +84906 662 990<\/li>\n<\/ul>\n","protected":false},"excerpt":{"rendered":"<p>Co\u0302ng ty TNHH GUDi la\u0300 nha\u0300 cung c\u00e2\u0301p ma\u0301y mo\u0301c, thi\u00ea\u0301t bi\u0323, nguye\u0302n v\u1ea1\u0302t li\u1eb9\u0302u cho ca\u0301c nga\u0300nh co\u0302ng nghi\u1eb9\u0302p in \u00e2\u0301n &amp; bao bi\u0300, graphics va\u0300 ba\u0306ng keo. Chu\u0301ng to\u0302i la\u0300 nha\u0300 pha\u0302n ph\u00f4\u0301i u\u0309y quy\u00ea\u0300n cu\u0309a nhi\u00ea\u0300u thu\u031bo\u031bng hi\u1eb9\u0302u l\u01a1\u0301n va\u0300 tie\u0302u chu\u00e2\u0309n cao \u0111\u00ea\u0301n t\u01b0\u0300 \u0110\u01b0\u0301c, H\u00e0 Lan, Pha\u0301p, Y\u0301, Thu\u0323y Sy\u0303, \u0110a\u0300i Loan. Kha\u0301ch ha\u0300ng cu\u0309a GUDi la\u0300 ca\u0301c co\u0302ng ty \u0111a qu\u00f4\u0301c gia va\u0300 ca\u0301c co\u0302ng ty l\u01a1\u0301n trong nu\u031b\u01a1\u0301c. GUDi la\u0300 m\u1ecd\u0302t co\u0302ng ty tre\u0309 va\u0300 tinh go\u0323n, nhi\u1eb9\u0302t huy\u00ea\u0301t va\u0300 sa\u0301ng ta\u0323o. Chu\u0301ng to\u0302i luo\u0302n n\u00f4\u0303 l\u01b0\u0323c va\u0300 cam k\u00ea\u0301t mang t\u01a1\u0301i cho ca\u0301c kha\u0301ch ha\u0300ng ta\u0323i Vi\u1eb9\u0302t Nam ca\u0301c gia\u0309i pha\u0301p ch\u00e2\u0301t lu\u031b\u01a1\u0323ng cao va\u0300 hi\u1eb9\u0302u qua\u0309 gi\u00fap kh\u00e1ch h\u00e0ng c\u00f3 \u0111\u01b0\u1ee3c nh\u1eefng \u01b0u th\u1ebf trong s\u1ea3n xu\u1ea5t kinh doanh. IN \u1ea4N &amp; BAO B\u00cc C\u00d4NG NGHI\u1ec6P: V\u1eadt t\u01b0 ti\u00eau hao: B\u0103ng keo d\u00e1n b\u1ea3n, d\u00e1n m\u00e9p b\u1ea3n in, B\u0103ng keo n\u1ed1i cu\u1ed9n gi\u1ea5y &amp; cu\u1ed9n m\u00e0ng Cold Foil, Hot Foil, hologram foil, hologram film and paper Gi\u1ea5y silicone, glassine, wax, gi\u1ea5y ch\u1ed1ng d\u1ea7u, gi\u1ea5y g\u00f3i M\u00e0ng nhi\u1ec7t ch\u1ed1ng tr\u1ea7y, m\u00e0ng nhung Dao g\u1ea1t m\u1ef1c in l\u1ee5a M\u1ef1c\u00a0&amp; V\u1eb9c-ni Flexo g\u1ed1c UV, g\u1ed1c n\u01b0\u1edbc cho in tem nh\u00e3n &amp; bao b\u00ec (bao b\u00ec th\u1ef1c ph\u1ea9m &amp; d\u01b0\u1ee3c ph\u1ea9m). M\u1ef1c \u0111\u1eb7c bi\u1ec7t: m\u1ef1c ph\u1ee7 c\u00e0o, m\u1ef1c chuy\u1ec3n m\u00e0u do \u00e1nh s\u00e1ng, nhi\u1ec7t \u0111\u1ed9 Keo\u00a0gh\u00e9p m\u00e0ng, gh\u00e9p nh\u0169 UV Flexo M\u00e1y m\u00f3c thi\u1ebft b\u1ecb: \u1ed0ng in Sleeve, \u1ed1ng Bridge\/Adapter cho m\u00e1y in Flexo M\u00e1y d\u00e1n b\u1ea3n in M\u00e1y sang c\u1eaft rewinder Slitter M\u00e1y chiller l\u00e0m m\u00e1t cho m\u00e1y in Tr\u1ee5c Anilox M\u00e1y v\u1ec7 sinh tr\u1ee5c anilox, r\u1eeda b\u1ea3n, b\u00e0n ch\u1ea3i &amp; dung d\u1ecbch r\u1eeda l\u00f4 anilox M\u00e1y d\u00e1n b\u1ea3n in M\u00e1y thu h\u1ed3i dung m\u00f4i M\u00e1y gia c\u00f4ng sau in (m\u00e1y b\u00f3, m\u00e1y \u0111\u1ebfm, m\u00e1y khoan gi\u1ea5y, m\u0169i khoan gi\u1ea5y&#8230;) B\u0102NG KEO C\u00d4NG NGHI\u1ec6P: B\u0103ng keo\u00a0ch\u1ed1ng th\u1ea5m, b\u0103ng keo x\u1ed1p 1 m\u1eb7t, 2 m\u1eb7t B\u0103ng keo c\u00f4ng nghi\u1ec7p 1 m\u1eb7t, 2 m\u1eb7t B\u0103ng keo g\u00e2n\/s\u1ee3i th\u1ee7y tinh (1 s\u1ecdc &amp; 2 s\u1ecdc) B\u0103ng keo v\u1ea3i &amp; v\u1ea3i th\u1ee7y tinh B\u0103ng keo ph\u1ea3n quang B\u0103ng keo d\u00e1n th\u1ea3m B\u0103ng keo che ph\u1ee7 B\u0103ng keo b\u1ea3o v\u1ec7 b\u1ec1 m\u1eb7t B\u0103ng keo c\u1eaft gia c\u00f4ng theo thi\u1ebft k\u1ebf c\u1ee7a kh\u00e1ch h\u00e0ng PHIM DECAL &amp; PH\u1ea2N QUANG: Phim decal \u0111\u1ed5i m\u00e0u xe h\u01a1i Phim decal trang tr\u00ed Phim b\u1ea3o v\u1ec7 s\u01a1n PPF Phim decal in &amp; phim c\u00e1n (in c\u00f4ng nghi\u1ec7p, in th\u01b0\u01a1ng m\u1ea1i) Phim c\u00e1ch nhi\u1ec7t xe h\u01a1i v\u00e0 phim c\u00e1ch nhi\u1ec7t nh\u00e0 k\u00ednh Phim decal ph\u1ea3n quang cho bi\u1ec3n b\u00e1o, ph\u01b0\u01a1ng ti\u1ec7n, an to\u00e0n H\u00e3y li\u00ean h\u1ec7 v\u1edbi ch\u00fang t\u00f4i \u0111\u1ec3 nh\u1eadn t\u01b0 v\u1ea5n nhanh v\u1ec1 s\u1ea3n ph\u1ea9m ph\u00f9 h\u1ee3p v\u00e0 b\u00e1o gi\u00e1: \u0110\u1ecba ch\u1ec9: 42 \u0110\u01b0\u1eddng s\u1ed1 2 &#8211; C\u01b0 x\u00e1 \u0110i\u1ec7n l\u1ef1c, P. Tr\u01b0\u1eddng Th\u1ecd, TP. Th\u1ee7 \u0110\u1ee9c, TP. HCM,\u00a0Vi\u1ec7t Nam Email: hiep.nguyen@gudi.vn Tel: 0286 286 8801 Hotline: +84906 662 990<\/p>\n","protected":false},"author":1,"featured_media":0,"parent":0,"menu_order":0,"comment_status":"closed","ping_status":"closed","template":"","meta":{"footnotes":""},"class_list":["post-9","page","type-page","status-publish","hentry"],"yoast_head":"<!-- This site is optimized with the Yoast SEO plugin v23.4 - https:\/\/yoast.com\/wordpress\/plugins\/seo\/ -->\n<title>Gi\u1edbi thi\u1ec7u - GUDI<\/title>\n<meta name=\"robots\" content=\"index, follow, max-snippet:-1, max-image-preview:large, max-video-preview:-1\" \/>\n<link rel=\"canonical\" href=\"https:\/\/gudi.vn\/en\/about\/\" \/>\n<meta property=\"og:locale\" content=\"vi_VN\" \/>\n<meta property=\"og:type\" content=\"article\" \/>\n<meta property=\"og:title\" content=\"Gi\u1edbi thi\u1ec7u - GUDI\" \/>\n<meta property=\"og:description\" content=\"Co\u0302ng ty TNHH GUDi la\u0300 nha\u0300 cung c\u00e2\u0301p ma\u0301y mo\u0301c, thi\u00ea\u0301t bi\u0323, nguye\u0302n v\u1ea1\u0302t li\u1eb9\u0302u cho ca\u0301c nga\u0300nh co\u0302ng nghi\u1eb9\u0302p in \u00e2\u0301n &amp; bao bi\u0300, graphics va\u0300 ba\u0306ng keo. Chu\u0301ng to\u0302i la\u0300 nha\u0300 pha\u0302n ph\u00f4\u0301i u\u0309y quy\u00ea\u0300n cu\u0309a nhi\u00ea\u0300u thu\u031bo\u031bng hi\u1eb9\u0302u l\u01a1\u0301n va\u0300 tie\u0302u chu\u00e2\u0309n cao \u0111\u00ea\u0301n t\u01b0\u0300 \u0110\u01b0\u0301c, H\u00e0 Lan, Pha\u0301p, Y\u0301, Thu\u0323y Sy\u0303, \u0110a\u0300i Loan. Kha\u0301ch ha\u0300ng cu\u0309a GUDi la\u0300 ca\u0301c co\u0302ng ty \u0111a qu\u00f4\u0301c gia va\u0300 ca\u0301c co\u0302ng ty l\u01a1\u0301n trong nu\u031b\u01a1\u0301c. GUDi la\u0300 m\u1ecd\u0302t co\u0302ng ty tre\u0309 va\u0300 tinh go\u0323n, nhi\u1eb9\u0302t huy\u00ea\u0301t va\u0300 sa\u0301ng ta\u0323o. Chu\u0301ng to\u0302i luo\u0302n n\u00f4\u0303 l\u01b0\u0323c va\u0300 cam k\u00ea\u0301t mang t\u01a1\u0301i cho ca\u0301c kha\u0301ch ha\u0300ng ta\u0323i Vi\u1eb9\u0302t Nam ca\u0301c gia\u0309i pha\u0301p ch\u00e2\u0301t lu\u031b\u01a1\u0323ng cao va\u0300 hi\u1eb9\u0302u qua\u0309 gi\u00fap kh\u00e1ch h\u00e0ng c\u00f3 \u0111\u01b0\u1ee3c nh\u1eefng \u01b0u th\u1ebf trong s\u1ea3n xu\u1ea5t kinh doanh. IN \u1ea4N &amp; BAO B\u00cc C\u00d4NG NGHI\u1ec6P: V\u1eadt t\u01b0 ti\u00eau hao: B\u0103ng keo d\u00e1n b\u1ea3n, d\u00e1n m\u00e9p b\u1ea3n in, B\u0103ng keo n\u1ed1i cu\u1ed9n gi\u1ea5y &amp; cu\u1ed9n m\u00e0ng Cold Foil, Hot Foil, hologram foil, hologram film and paper Gi\u1ea5y silicone, glassine, wax, gi\u1ea5y ch\u1ed1ng d\u1ea7u, gi\u1ea5y g\u00f3i M\u00e0ng nhi\u1ec7t ch\u1ed1ng tr\u1ea7y, m\u00e0ng nhung Dao g\u1ea1t m\u1ef1c in l\u1ee5a M\u1ef1c\u00a0&amp; V\u1eb9c-ni Flexo g\u1ed1c UV, g\u1ed1c n\u01b0\u1edbc cho in tem nh\u00e3n &amp; bao b\u00ec (bao b\u00ec th\u1ef1c ph\u1ea9m &amp; d\u01b0\u1ee3c ph\u1ea9m). M\u1ef1c \u0111\u1eb7c bi\u1ec7t: m\u1ef1c ph\u1ee7 c\u00e0o, m\u1ef1c chuy\u1ec3n m\u00e0u do \u00e1nh s\u00e1ng, nhi\u1ec7t \u0111\u1ed9 Keo\u00a0gh\u00e9p m\u00e0ng, gh\u00e9p nh\u0169 UV Flexo M\u00e1y m\u00f3c thi\u1ebft b\u1ecb: \u1ed0ng in Sleeve, \u1ed1ng Bridge\/Adapter cho m\u00e1y in Flexo M\u00e1y d\u00e1n b\u1ea3n in M\u00e1y sang c\u1eaft rewinder Slitter M\u00e1y chiller l\u00e0m m\u00e1t cho m\u00e1y in Tr\u1ee5c Anilox M\u00e1y v\u1ec7 sinh tr\u1ee5c anilox, r\u1eeda b\u1ea3n, b\u00e0n ch\u1ea3i &amp; dung d\u1ecbch r\u1eeda l\u00f4 anilox M\u00e1y d\u00e1n b\u1ea3n in M\u00e1y thu h\u1ed3i dung m\u00f4i M\u00e1y gia c\u00f4ng sau in (m\u00e1y b\u00f3, m\u00e1y \u0111\u1ebfm, m\u00e1y khoan gi\u1ea5y, m\u0169i khoan gi\u1ea5y&#8230;) B\u0102NG KEO C\u00d4NG NGHI\u1ec6P: B\u0103ng keo\u00a0ch\u1ed1ng th\u1ea5m, b\u0103ng keo x\u1ed1p 1 m\u1eb7t, 2 m\u1eb7t B\u0103ng keo c\u00f4ng nghi\u1ec7p 1 m\u1eb7t, 2 m\u1eb7t B\u0103ng keo g\u00e2n\/s\u1ee3i th\u1ee7y tinh (1 s\u1ecdc &amp; 2 s\u1ecdc) B\u0103ng keo v\u1ea3i &amp; v\u1ea3i th\u1ee7y tinh B\u0103ng keo ph\u1ea3n quang B\u0103ng keo d\u00e1n th\u1ea3m B\u0103ng keo che ph\u1ee7 B\u0103ng keo b\u1ea3o v\u1ec7 b\u1ec1 m\u1eb7t B\u0103ng keo c\u1eaft gia c\u00f4ng theo thi\u1ebft k\u1ebf c\u1ee7a kh\u00e1ch h\u00e0ng PHIM DECAL &amp; PH\u1ea2N QUANG: Phim decal \u0111\u1ed5i m\u00e0u xe h\u01a1i Phim decal trang tr\u00ed Phim b\u1ea3o v\u1ec7 s\u01a1n PPF Phim decal in &amp; phim c\u00e1n (in c\u00f4ng nghi\u1ec7p, in th\u01b0\u01a1ng m\u1ea1i) Phim c\u00e1ch nhi\u1ec7t xe h\u01a1i v\u00e0 phim c\u00e1ch nhi\u1ec7t nh\u00e0 k\u00ednh Phim decal ph\u1ea3n quang cho bi\u1ec3n b\u00e1o, ph\u01b0\u01a1ng ti\u1ec7n, an to\u00e0n H\u00e3y li\u00ean h\u1ec7 v\u1edbi ch\u00fang t\u00f4i \u0111\u1ec3 nh\u1eadn t\u01b0 v\u1ea5n nhanh v\u1ec1 s\u1ea3n ph\u1ea9m ph\u00f9 h\u1ee3p v\u00e0 b\u00e1o gi\u00e1: \u0110\u1ecba ch\u1ec9: 42 \u0110\u01b0\u1eddng s\u1ed1 2 &#8211; C\u01b0 x\u00e1 \u0110i\u1ec7n l\u1ef1c, P. Tr\u01b0\u1eddng Th\u1ecd, TP. Th\u1ee7 \u0110\u1ee9c, TP. HCM,\u00a0Vi\u1ec7t Nam Email: hiep.nguyen@gudi.vn Tel: 0286 286 8801 Hotline: +84906 662 990\" \/>\n<meta property=\"og:url\" content=\"https:\/\/gudi.vn\/en\/about\/\" \/>\n<meta property=\"og:site_name\" content=\"GUDI\" \/>\n<meta property=\"article:modified_time\" content=\"2022-07-01T07:04:50+00:00\" \/>\n<meta name=\"twitter:card\" content=\"summary_large_image\" \/>\n<meta name=\"twitter:label1\" content=\"\u01af\u1edbc t\u00ednh th\u1eddi gian \u0111\u1ecdc\" \/>\n\t<meta name=\"twitter:data1\" content=\"3 ph\u00fat\" \/>\n<script type=\"application\/ld+json\" class=\"yoast-schema-graph\">{\"@context\":\"https:\/\/schema.org\",\"@graph\":[{\"@type\":\"WebPage\",\"@id\":\"https:\/\/gudi.vn\/en\/about\/\",\"url\":\"https:\/\/gudi.vn\/en\/about\/\",\"name\":\"Gi\u1edbi thi\u1ec7u - GUDI\",\"isPartOf\":{\"@id\":\"https:\/\/gudi.vn\/en\/#website\"},\"datePublished\":\"2016-12-14T08:39:03+00:00\",\"dateModified\":\"2022-07-01T07:04:50+00:00\",\"breadcrumb\":{\"@id\":\"https:\/\/gudi.vn\/en\/about\/#breadcrumb\"},\"inLanguage\":\"vi\",\"potentialAction\":[{\"@type\":\"ReadAction\",\"target\":[\"https:\/\/gudi.vn\/en\/about\/\"]}]},{\"@type\":\"BreadcrumbList\",\"@id\":\"https:\/\/gudi.vn\/en\/about\/#breadcrumb\",\"itemListElement\":[{\"@type\":\"ListItem\",\"position\":1,\"name\":\"Home\",\"item\":\"https:\/\/gudi.vn\/en\/\"},{\"@type\":\"ListItem\",\"position\":2,\"name\":\"About\"}]},{\"@type\":\"WebSite\",\"@id\":\"https:\/\/gudi.vn\/en\/#website\",\"url\":\"https:\/\/gudi.vn\/en\/\",\"name\":\"GUDI\",\"description\":\"V\u1eadt t\u01b0 Thi\u1ebft b\u1ecb In \u1ea5n &amp; Bao b\u00ec | Decal &amp; PPF\",\"potentialAction\":[{\"@type\":\"SearchAction\",\"target\":{\"@type\":\"EntryPoint\",\"urlTemplate\":\"https:\/\/gudi.vn\/en\/?s={search_term_string}\"},\"query-input\":{\"@type\":\"PropertyValueSpecification\",\"valueRequired\":true,\"valueName\":\"search_term_string\"}}],\"inLanguage\":\"vi\"}]}<\/script>\n<!-- \/ Yoast SEO plugin. -->","yoast_head_json":{"title":"Gi\u1edbi thi\u1ec7u - GUDI","robots":{"index":"index","follow":"follow","max-snippet":"max-snippet:-1","max-image-preview":"max-image-preview:large","max-video-preview":"max-video-preview:-1"},"canonical":"https:\/\/gudi.vn\/en\/about\/","og_locale":"vi_VN","og_type":"article","og_title":"Gi\u1edbi thi\u1ec7u - GUDI","og_description":"Co\u0302ng ty TNHH GUDi la\u0300 nha\u0300 cung c\u00e2\u0301p ma\u0301y mo\u0301c, thi\u00ea\u0301t bi\u0323, nguye\u0302n v\u1ea1\u0302t li\u1eb9\u0302u cho ca\u0301c nga\u0300nh co\u0302ng nghi\u1eb9\u0302p in \u00e2\u0301n &amp; bao bi\u0300, graphics va\u0300 ba\u0306ng keo. Chu\u0301ng to\u0302i la\u0300 nha\u0300 pha\u0302n ph\u00f4\u0301i u\u0309y quy\u00ea\u0300n cu\u0309a nhi\u00ea\u0300u thu\u031bo\u031bng hi\u1eb9\u0302u l\u01a1\u0301n va\u0300 tie\u0302u chu\u00e2\u0309n cao \u0111\u00ea\u0301n t\u01b0\u0300 \u0110\u01b0\u0301c, H\u00e0 Lan, Pha\u0301p, Y\u0301, Thu\u0323y Sy\u0303, \u0110a\u0300i Loan. Kha\u0301ch ha\u0300ng cu\u0309a GUDi la\u0300 ca\u0301c co\u0302ng ty \u0111a qu\u00f4\u0301c gia va\u0300 ca\u0301c co\u0302ng ty l\u01a1\u0301n trong nu\u031b\u01a1\u0301c. GUDi la\u0300 m\u1ecd\u0302t co\u0302ng ty tre\u0309 va\u0300 tinh go\u0323n, nhi\u1eb9\u0302t huy\u00ea\u0301t va\u0300 sa\u0301ng ta\u0323o. Chu\u0301ng to\u0302i luo\u0302n n\u00f4\u0303 l\u01b0\u0323c va\u0300 cam k\u00ea\u0301t mang t\u01a1\u0301i cho ca\u0301c kha\u0301ch ha\u0300ng ta\u0323i Vi\u1eb9\u0302t Nam ca\u0301c gia\u0309i pha\u0301p ch\u00e2\u0301t lu\u031b\u01a1\u0323ng cao va\u0300 hi\u1eb9\u0302u qua\u0309 gi\u00fap kh\u00e1ch h\u00e0ng c\u00f3 \u0111\u01b0\u1ee3c nh\u1eefng \u01b0u th\u1ebf trong s\u1ea3n xu\u1ea5t kinh doanh. IN \u1ea4N &amp; BAO B\u00cc C\u00d4NG NGHI\u1ec6P: V\u1eadt t\u01b0 ti\u00eau hao: B\u0103ng keo d\u00e1n b\u1ea3n, d\u00e1n m\u00e9p b\u1ea3n in, B\u0103ng keo n\u1ed1i cu\u1ed9n gi\u1ea5y &amp; cu\u1ed9n m\u00e0ng Cold Foil, Hot Foil, hologram foil, hologram film and paper Gi\u1ea5y silicone, glassine, wax, gi\u1ea5y ch\u1ed1ng d\u1ea7u, gi\u1ea5y g\u00f3i M\u00e0ng nhi\u1ec7t ch\u1ed1ng tr\u1ea7y, m\u00e0ng nhung Dao g\u1ea1t m\u1ef1c in l\u1ee5a M\u1ef1c\u00a0&amp; V\u1eb9c-ni Flexo g\u1ed1c UV, g\u1ed1c n\u01b0\u1edbc cho in tem nh\u00e3n &amp; bao b\u00ec (bao b\u00ec th\u1ef1c ph\u1ea9m &amp; d\u01b0\u1ee3c ph\u1ea9m). M\u1ef1c \u0111\u1eb7c bi\u1ec7t: m\u1ef1c ph\u1ee7 c\u00e0o, m\u1ef1c chuy\u1ec3n m\u00e0u do \u00e1nh s\u00e1ng, nhi\u1ec7t \u0111\u1ed9 Keo\u00a0gh\u00e9p m\u00e0ng, gh\u00e9p nh\u0169 UV Flexo M\u00e1y m\u00f3c thi\u1ebft b\u1ecb: \u1ed0ng in Sleeve, \u1ed1ng Bridge\/Adapter cho m\u00e1y in Flexo M\u00e1y d\u00e1n b\u1ea3n in M\u00e1y sang c\u1eaft rewinder Slitter M\u00e1y chiller l\u00e0m m\u00e1t cho m\u00e1y in Tr\u1ee5c Anilox M\u00e1y v\u1ec7 sinh tr\u1ee5c anilox, r\u1eeda b\u1ea3n, b\u00e0n ch\u1ea3i &amp; dung d\u1ecbch r\u1eeda l\u00f4 anilox M\u00e1y d\u00e1n b\u1ea3n in M\u00e1y thu h\u1ed3i dung m\u00f4i M\u00e1y gia c\u00f4ng sau in (m\u00e1y b\u00f3, m\u00e1y \u0111\u1ebfm, m\u00e1y khoan gi\u1ea5y, m\u0169i khoan gi\u1ea5y&#8230;) B\u0102NG KEO C\u00d4NG NGHI\u1ec6P: B\u0103ng keo\u00a0ch\u1ed1ng th\u1ea5m, b\u0103ng keo x\u1ed1p 1 m\u1eb7t, 2 m\u1eb7t B\u0103ng keo c\u00f4ng nghi\u1ec7p 1 m\u1eb7t, 2 m\u1eb7t B\u0103ng keo g\u00e2n\/s\u1ee3i th\u1ee7y tinh (1 s\u1ecdc &amp; 2 s\u1ecdc) B\u0103ng keo v\u1ea3i &amp; v\u1ea3i th\u1ee7y tinh B\u0103ng keo ph\u1ea3n quang B\u0103ng keo d\u00e1n th\u1ea3m B\u0103ng keo che ph\u1ee7 B\u0103ng keo b\u1ea3o v\u1ec7 b\u1ec1 m\u1eb7t B\u0103ng keo c\u1eaft gia c\u00f4ng theo thi\u1ebft k\u1ebf c\u1ee7a kh\u00e1ch h\u00e0ng PHIM DECAL &amp; PH\u1ea2N QUANG: Phim decal \u0111\u1ed5i m\u00e0u xe h\u01a1i Phim decal trang tr\u00ed Phim b\u1ea3o v\u1ec7 s\u01a1n PPF Phim decal in &amp; phim c\u00e1n (in c\u00f4ng nghi\u1ec7p, in th\u01b0\u01a1ng m\u1ea1i) Phim c\u00e1ch nhi\u1ec7t xe h\u01a1i v\u00e0 phim c\u00e1ch nhi\u1ec7t nh\u00e0 k\u00ednh Phim decal ph\u1ea3n quang cho bi\u1ec3n b\u00e1o, ph\u01b0\u01a1ng ti\u1ec7n, an to\u00e0n H\u00e3y li\u00ean h\u1ec7 v\u1edbi ch\u00fang t\u00f4i \u0111\u1ec3 nh\u1eadn t\u01b0 v\u1ea5n nhanh v\u1ec1 s\u1ea3n ph\u1ea9m ph\u00f9 h\u1ee3p v\u00e0 b\u00e1o gi\u00e1: \u0110\u1ecba ch\u1ec9: 42 \u0110\u01b0\u1eddng s\u1ed1 2 &#8211; C\u01b0 x\u00e1 \u0110i\u1ec7n l\u1ef1c, P. Tr\u01b0\u1eddng Th\u1ecd, TP. Th\u1ee7 \u0110\u1ee9c, TP. HCM,\u00a0Vi\u1ec7t Nam Email: hiep.nguyen@gudi.vn Tel: 0286 286 8801 Hotline: +84906 662 990","og_url":"https:\/\/gudi.vn\/en\/about\/","og_site_name":"GUDI","article_modified_time":"2022-07-01T07:04:50+00:00","twitter_card":"summary_large_image","twitter_misc":{"\u01af\u1edbc t\u00ednh th\u1eddi gian \u0111\u1ecdc":"3 ph\u00fat"},"schema":{"@context":"https:\/\/schema.org","@graph":[{"@type":"WebPage","@id":"https:\/\/gudi.vn\/en\/about\/","url":"https:\/\/gudi.vn\/en\/about\/","name":"Gi\u1edbi thi\u1ec7u - GUDI","isPartOf":{"@id":"https:\/\/gudi.vn\/en\/#website"},"datePublished":"2016-12-14T08:39:03+00:00","dateModified":"2022-07-01T07:04:50+00:00","breadcrumb":{"@id":"https:\/\/gudi.vn\/en\/about\/#breadcrumb"},"inLanguage":"vi","potentialAction":[{"@type":"ReadAction","target":["https:\/\/gudi.vn\/en\/about\/"]}]},{"@type":"BreadcrumbList","@id":"https:\/\/gudi.vn\/en\/about\/#breadcrumb","itemListElement":[{"@type":"ListItem","position":1,"name":"Home","item":"https:\/\/gudi.vn\/en\/"},{"@type":"ListItem","position":2,"name":"About"}]},{"@type":"WebSite","@id":"https:\/\/gudi.vn\/en\/#website","url":"https:\/\/gudi.vn\/en\/","name":"GUDI","description":"V\u1eadt t\u01b0 Thi\u1ebft b\u1ecb In \u1ea5n &amp; Bao b\u00ec | Decal &amp; PPF","potentialAction":[{"@type":"SearchAction","target":{"@type":"EntryPoint","urlTemplate":"https:\/\/gudi.vn\/en\/?s={search_term_string}"},"query-input":{"@type":"PropertyValueSpecification","valueRequired":true,"valueName":"search_term_string"}}],"inLanguage":"vi"}]}},"_links":{"self":[{"href":"https:\/\/gudi.vn\/vi\/wp-json\/wp\/v2\/pages\/9"}],"collection":[{"href":"https:\/\/gudi.vn\/vi\/wp-json\/wp\/v2\/pages"}],"about":[{"href":"https:\/\/gudi.vn\/vi\/wp-json\/wp\/v2\/types\/page"}],"author":[{"embeddable":true,"href":"https:\/\/gudi.vn\/vi\/wp-json\/wp\/v2\/users\/1"}],"replies":[{"embeddable":true,"href":"https:\/\/gudi.vn\/vi\/wp-json\/wp\/v2\/comments?post=9"}],"version-history":[{"count":25,"href":"https:\/\/gudi.vn\/vi\/wp-json\/wp\/v2\/pages\/9\/revisions"}],"predecessor-version":[{"id":1250,"href":"https:\/\/gudi.vn\/vi\/wp-json\/wp\/v2\/pages\/9\/revisions\/1250"}],"wp:attachment":[{"href":"https:\/\/gudi.vn\/vi\/wp-json\/wp\/v2\/media?parent=9"}],"curies":[{"name":"wp","href":"https:\/\/api.w.org\/{rel}","templated":true}]}}